{"id":1005,"date":"2015-11-16T13:20:45","date_gmt":"2015-11-16T12:20:45","guid":{"rendered":"http:\/\/80.244.133.162\/wordpress\/?page_id=1005"},"modified":"2025-09-19T07:07:18","modified_gmt":"2025-09-19T06:07:18","slug":"taryfa-dla-ciepla","status":"publish","type":"page","link":"http:\/\/ec.mielec.pl\/wordpress\/?page_id=1005","title":{"rendered":"Taryfa dla ciep\u0142a"},"content":{"rendered":"<h3>Taryfa dla\u00a0ciep\u0142a<\/h3>\n<h4>Taryfa dla Ciep\u0142a zatwierdzona dnia 17 wrze\u015bnia 2025 roku Decyzj\u0105 PREZESA URZ\u0118DU REGULACJI ENERGETYKI, obowi\u0105zuj\u0105ca od dnia 2 pa\u017adziernika 2025 roku.<\/h4>\n<a target=\"_self\" href=\"http:\/\/80.244.133.162\/\/wordpress\/wp-content\/uploads\/2025\/09\/Taryfa_20250917.pdf\" class=\"btn btn-link btn-lg\"><i class=\"icon-download\"><\/i> Taryfa dla ciep\u0142a obowi\u0105zuj\u0105ca od dnia 2 pa\u017adziernika 2025 r.<\/a>\n<hr \/>\n<h4>Taryfa dla Ciep\u0142a zatwierdzona dnia 13 marca 2024 roku Decyzj\u0105 PREZESA URZ\u0118DU REGULACJI ENERGETYKI, obowi\u0105zuj\u0105ca od dnia 1 kwietnia 2024 roku.<\/h4>\n<a target=\"_self\" href=\"http:\/\/80.244.133.162\/\/wordpress\/wp-content\/uploads\/2024\/03\/Elektrocieplownia_Mielec_Taryfa.pdf\" class=\"btn btn-link btn-lg\"><i class=\"icon-download\"><\/i> Taryfa dla ciep\u0142a obowi\u0105zuj\u0105ca od dnia 1 kwietnia 2024 r.<\/a>\n<p>.<\/p>\n<a target=\"_self\" href=\"http:\/\/80.244.133.162\/\/wordpress\/wp-content\/uploads\/2024\/03\/Sprostowanie_omylki_taryfy_EC_Mielec_do_publikacji.pdf\" class=\"btn btn-link btn-lg\"><i class=\"icon-download\"><\/i> Taryfa dla ciep\u0142a obowi\u0105zuj\u0105ca od dnia 1 kwietnia 2024 r. - sprostowanie omy\u0142ki pisarskiej<\/a>\n<hr \/>\n<h4>Taryfa dla Ciep\u0142a zatwierdzona dnia 15 grudnia 2022 roku Decyzj\u0105 PREZESA URZ\u0118DU REGULACJI ENERGETYKI, obowi\u0105zuj\u0105ca od dnia 1 stycznia 2023 r.<\/h4>\n<a target=\"_self\" href=\"http:\/\/80.244.133.162\/\/wordpress\/wp-content\/uploads\/2022\/12\/Taryfa_dla_cieola_Elektrocieplowni_Mielec_01-01-2023.pdf\" class=\"btn btn-link btn-lg\"><i class=\"icon-download\"><\/i> Taryfa dla ciep\u0142a obowi\u0105zuj\u0105ca od dnia 1 stycznia 2023 r.<\/a>\n<p>.<\/p>\n<a target=\"_self\" href=\"http:\/\/80.244.133.162\/\/wordpress\/wp-content\/uploads\/2023\/05\/Taryfa_dla_cieola_Elektrocieplowni_Mielec_11-05-2023.pdf\" class=\"btn btn-link btn-lg\"><i class=\"icon-download\"><\/i> Zmiana taryfy dla ciep\u0142a obowi\u0105zuj\u0105ca od dnia 11 maja 2023 r.<\/a>\n<hr \/>\n<h4>Taryfa dla Ciep\u0142a zatwierdzona dnia 15 listopada 2021 roku Decyzj\u0105 PREZESA URZ\u0118DU REGULACJI ENERGETYKI, obowi\u0105zuj\u0105ca od dnia 1 grudnia 2021 r.<\/h4>\n<a target=\"_self\" href=\"http:\/\/80.244.133.162\/\/wordpress\/wp-content\/uploads\/2021\/11\/Taryfa_cieplo-ElektrocieplowniaMielec_01_12_2021.pdf\" class=\"btn btn-link btn-lg\"><i class=\"icon-download\"><\/i> Taryfa dla ciep\u0142a obowi\u0105zuj\u0105ca od dnia 1 grudnia 2021 r.<\/a>\n<p>.<\/p>\n<a target=\"_self\" href=\"http:\/\/80.244.133.162\/\/wordpress\/wp-content\/uploads\/2022\/08\/Zmiana_taryfy_od_2022_Elektrocieplownia_Mielec.pdf\" class=\"btn btn-link btn-lg\"><i class=\"icon-download\"><\/i> Zmiana taryfy dla ciep\u0142a obowi\u0105zuj\u0105ca od dnia 1 wrze\u015bnia 2022 r.<\/a>\n<hr \/>\n<h4>Taryfa dla Ciep\u0142a zatwierdzona dnia 24 wrze\u015bnia 2020 roku Decyzj\u0105 PREZESA URZ\u0118DU REGULACJI ENERGETYKI, obowi\u0105zuj\u0105ca od dnia 1 listopada 2020 r.<\/h4>\n<a target=\"_self\" href=\"http:\/\/80.244.133.162\/wordpress\/wp-content\/uploads\/2020\/10\/Taryfa_dla_ciepla_obowiazujaca_od_2020_11_01.pdf\" class=\"btn btn-link btn-lg\"><i class=\"icon-download\"><\/i> Taryfa dla ciep\u0142a obowi\u0105zuj\u0105ca od dnia 1 listopada 2020 r.<\/a>\n<ul>\n<li>Wyci\u0105g z Taryfy dla ciep\u0142a zawieraj\u0105cy ceny i stawki op\u0142at stosowane w rozliczeniach od dnia 1 listopada 2020 r. dla grupy taryfowej WS <a target=\"_self\" href=\"http:\/\/80.244.133.162\/wordpress\/wp-content\/uploads\/2020\/10\/wyciag_z_taryfy_cieplo_WS_2020_11_01.pdf\" class=\"btn btn-link\"><i class=\"icon-download\"><\/i> Wyci\u0105g z Taryfy dla ciep\u0142a oraz ceny i stawki op\u0142at - grupa taryfowa WS<\/a><\/li>\n<li>Wyci\u0105g z Taryfy dla ciep\u0142a zawieraj\u0105cy ceny i stawki op\u0142at stosowane w rozliczeniach od dnia 1 listopada 2020 r. dla grupy taryfowej WZ <a target=\"_self\" href=\"http:\/\/80.244.133.162\/wordpress\/wp-content\/uploads\/2020\/10\/wyciag_z_taryfy_cieplo_WZ_2020_11_01.pdf\" class=\"btn btn-link\"><i class=\"icon-download\"><\/i> Wyci\u0105g z Taryfy dla ciep\u0142a oraz ceny i stawki op\u0142at - grupa taryfowa WZ<\/a><\/li>\n<li>Wyci\u0105g z Taryfy dla ciep\u0142a zawieraj\u0105cy ceny i stawki op\u0142at stosowane w rozliczeniach od dnia 1 listopada 2020 r. dla grupy taryfowej WZ<sub>W95\/50<\/sub> <a target=\"_self\" href=\"http:\/\/80.244.133.162\/wordpress\/wp-content\/uploads\/2020\/10\/wyciag_z_taryfy_cieplo_WZW9550_2020_11_01.pdf\" class=\"btn btn-link\"><i class=\"icon-download\"><\/i> Wyci\u0105g z Taryfy dla ciep\u0142a oraz ceny i stawki op\u0142at - grupa taryfowa WZ<sub>W95\/50<\/sub><\/a><\/li>\n<\/ul>\n<hr \/>\n<h4>Taryfa dla Ciep\u0142a zatwierdzona dnia 29 kwietnia 2019 roku Decyzj\u0105 PREZESA URZ\u0118DU REGULACJI ENERGETYKI, obowi\u0105zuj\u0105ca od dnia 1 czerwca 2019 r.<\/h4>\n<a target=\"_self\" href=\"http:\/\/80.244.133.162\/wordpress\/wp-content\/uploads\/2015\/11\/7_Taryfa_ciep\u0142o_zatwierdz_29-04-2019.pdf\" class=\"btn btn-link btn-lg\"><i class=\"icon-download\"><\/i> Taryfa dla ciep\u0142a obowi\u0105zuj\u0105ca od dnia 1 czerwca 2019 r.<\/a>\n<ul>\n<li>Wyci\u0105g z Taryfy dla ciep\u0142a zawieraj\u0105cy ceny i stawki op\u0142at stosowane w rozliczeniach od dnia 1 czerwca 2019 r. dla grupy taryfowej WS\u00a0<a target=\"_self\" href=\"http:\/\/80.244.133.162\/wordpress\/wp-content\/uploads\/2015\/11\/wyciag_z_taryfy_cieplo_WS_2019-06-01.pdf\" class=\"btn btn-link\"><i class=\"icon-download\"><\/i> Wyci\u0105g z Taryfy dla ciep\u0142a oraz ceny i stawki op\u0142at - grupa taryfowa WS<\/a><\/li>\n<li>Wyci\u0105g z Taryfy dla ciep\u0142a zawieraj\u0105cy ceny i stawki op\u0142at stosowane w rozliczeniach od dnia 1 czerwca 2019 r. dla grupy taryfowej WZ <a target=\"_self\" href=\"http:\/\/80.244.133.162\/wordpress\/wp-content\/uploads\/2015\/11\/wyciag_z_taryfy_cieplo_WZ_2019-06-01.pdf\" class=\"btn btn-link\"><i class=\"icon-download\"><\/i> Wyci\u0105g z Taryfy dla ciep\u0142a oraz ceny i stawki op\u0142at - grupa taryfowa WZ<\/a><\/li>\n<li>Wyci\u0105g z Taryfy dla ciep\u0142a zawieraj\u0105cy ceny i stawki op\u0142at stosowane w rozliczeniach od dnia 1 czerwca 2019 r. dla grupy taryfowej WZ<sub>W95\/50<\/sub>\u00a0<a target=\"_self\" href=\"http:\/\/80.244.133.162\/wordpress\/wp-content\/uploads\/2015\/11\/wyciag_z_taryfy_cieplo_WZ95-50_2019-06-01.pdf\" class=\"btn btn-link\"><i class=\"icon-download\"><\/i> Wyci\u0105g z Taryfy dla ciep\u0142a oraz ceny i stawki op\u0142at - grupa taryfowa WZ<sub>W95\/50<\/sub><\/a><\/li>\n<\/ul>\n<hr \/>\n<h4>Taryfa dla Ciep\u0142a zatwierdzona dnia 31 stycznia 2018 roku Decyzj\u0105 PREZESA URZ\u0118DU REGULACJI ENERGETYKI, obowi\u0105zuj\u0105ca od dnia 1 marca 2018 r.<\/h4>\n<a target=\"_self\" href=\"http:\/\/80.244.133.162\/wordpress\/wp-content\/uploads\/2015\/11\/Taryfa_dla_ciepla_EC_Mielec_2017_pop.pdf\" class=\"btn btn-link btn-lg\"><i class=\"icon-download\"><\/i> Taryfa dla ciep\u0142a obowi\u0105zuj\u0105ca od dnia 1 marca 2018 r.<\/a>\n<ul>\n<li>Wyci\u0105g z Taryfy dla ciep\u0142a zawieraj\u0105cy ceny i stawki op\u0142at oraz ceny i stawki op\u0142at stosowane w rozliczeniach od dnia 1 marca 2018 r. dla grupy taryfowej WS\u00a0<a target=\"_self\" href=\"http:\/\/80.244.133.162\/wordpress\/wp-content\/uploads\/2015\/11\/wyci\u0105g_taryfa_stawki_stosowane_marzec_2018_ws.pdf\" class=\"btn btn-link\"><i class=\"icon-download\"><\/i> Wyci\u0105g z Taryfy dla ciep\u0142a oraz ceny i stawki op\u0142at - grupa taryfowa WS<\/a><\/li>\n<li>Wyci\u0105g z Taryfy dla ciep\u0142a zawieraj\u0105cy ceny i stawki op\u0142at oraz ceny i stawki op\u0142at stosowane w rozliczeniach od dnia 1 marca 2018 r. dla grupy taryfowej WZ <a target=\"_self\" href=\"http:\/\/80.244.133.162\/wordpress\/wp-content\/uploads\/2015\/11\/wyci\u0105g_taryfa_stawki_stosowane_marzec_2018_wz.pdf\" class=\"btn btn-link\"><i class=\"icon-download\"><\/i> Wyci\u0105g z Taryfy dla ciep\u0142a oraz ceny i stawki op\u0142at - grupa taryfowa WZ<\/a><\/li>\n<li>Wyci\u0105g z Taryfy dla ciep\u0142a zawieraj\u0105cy ceny i stawki op\u0142at oraz ceny i stawki op\u0142at stosowane w rozliczeniach od dnia 1 marca 2018 r. dla grupy taryfowej WZ<sub>W95\/50<\/sub> <a target=\"_self\" href=\"http:\/\/80.244.133.162\/wordpress\/wp-content\/uploads\/2015\/11\/wyci\u0105g_taryfa_stawki_stosowane_marzec_2018_wz_w95-50.pdf\" class=\"btn btn-link\"><i class=\"icon-download\"><\/i> Wyci\u0105g z Taryfy dla ciep\u0142a oraz ceny i stawki op\u0142at - grupa taryfowa WZ<sub>W95\/50<\/sub><\/a><\/li>\n<\/ul>\n","protected":false},"excerpt":{"rendered":"<p> [&hellip;]<\/p>\n","protected":false},"author":2,"featured_media":0,"parent":901,"menu_order":0,"comment_status":"closed","ping_status":"closed","template":"","meta":[],"_links":{"self":[{"href":"http:\/\/ec.mielec.pl\/wordpress\/index.php?rest_route=\/wp\/v2\/pages\/1005"}],"collection":[{"href":"http:\/\/ec.mielec.pl\/wordpress\/index.php?rest_route=\/wp\/v2\/pages"}],"about":[{"href":"http:\/\/ec.mielec.pl\/wordpress\/index.php?rest_route=\/wp\/v2\/types\/page"}],"author":[{"embeddable":true,"href":"http:\/\/ec.mielec.pl\/wordpress\/index.php?rest_route=\/wp\/v2\/users\/2"}],"replies":[{"embeddable":true,"href":"http:\/\/ec.mielec.pl\/wordpress\/index.php?rest_route=%2Fwp%2Fv2%2Fcomments&post=1005"}],"version-history":[{"count":58,"href":"http:\/\/ec.mielec.pl\/wordpress\/index.php?rest_route=\/wp\/v2\/pages\/1005\/revisions"}],"predecessor-version":[{"id":3359,"href":"http:\/\/ec.mielec.pl\/wordpress\/index.php?rest_route=\/wp\/v2\/pages\/1005\/revisions\/3359"}],"up":[{"embeddable":true,"href":"http:\/\/ec.mielec.pl\/wordpress\/index.php?rest_route=\/wp\/v2\/pages\/901"}],"wp:attachment":[{"href":"http:\/\/ec.mielec.pl\/wordpress\/index.php?rest_route=%2Fwp%2Fv2%2Fmedia&parent=1005"}],"curies":[{"name":"wp","href":"https:\/\/api.w.org\/{rel}","templated":true}]}}