{"id":122,"date":"2013-03-06T13:16:23","date_gmt":"2013-03-06T13:16:23","guid":{"rendered":"http:\/\/80.244.133.162\/wordpress\/?page_id=122"},"modified":"2022-03-30T07:24:37","modified_gmt":"2022-03-30T06:24:37","slug":"informacje-ogolne-2","status":"publish","type":"page","link":"http:\/\/ec.mielec.pl\/wordpress\/?page_id=122","title":{"rendered":"O Sp\u00f3\u0142ce"},"content":{"rendered":"<p><strong>Elektrociep\u0142ownia Mielec Sp. z o.o.<\/strong> to od wielu lat niezawodny wytw\u00f3rca i dostawca ciep\u0142a oraz energii elektrycznej dla miasta Mielca i miejscowych podmiot\u00f3w gospodarczych. Sp\u00f3\u0142ka dzia\u0142a na terenie i w ramach Specjalnej Strefy Ekonomicznej <strong>EURO-PARK Mielec<\/strong>.<\/p>\n<div>\n<ul class=\"arrowlist\">\n<li>Data powstania Sp\u00f3\u0142ki: 1993-05-01<\/li>\n<li>S\u0105d Rejestrowy: S\u0105d Rejonowy w Rzeszowie XII Wydzia\u0142 Gospodarczy Krajowego Rejestru S\u0105dowego<\/li>\n<li>Nr KRS: 0000018849<\/li>\n<li>Kapita\u0142 zak\u0142adowy: 9.994.000 z\u0142<\/li>\n<\/ul>\n<div>\n<h3>Zarz\u0105d<\/h3>\n<p>W sk\u0142ad Zarz\u0105du\u00a0wchodz\u0105:<\/p>\n\n<table id=\"tablepress-11\" class=\"tablepress tablepress-id-11\">\n<thead>\n<tr class=\"row-1 odd\">\n\t<th class=\"column-1\">L.p.<\/th><th class=\"column-2\">Nazwisko i imi\u0119<\/th><th class=\"column-3\">Funkcja<\/th>\n<\/tr>\n<\/thead>\n<tbody class=\"row-hover\">\n<tr class=\"row-2 even\">\n\t<td class=\"column-1\">1.<\/td><td class=\"column-2\">Grzegorz Polakowski<\/td><td class=\"column-3\">Prezes Zarz\u0105du<\/td>\n<\/tr>\n<tr class=\"row-3 odd\">\n\t<td class=\"column-1\">2.<\/td><td class=\"column-2\">Marek Mirosz<\/td><td class=\"column-3\">Cz\u0142onek Zarz\u0105du<\/td>\n<\/tr>\n<tr class=\"row-4 even\">\n\t<td class=\"column-1\"><\/td><td class=\"column-2\"><\/td><td class=\"column-3\"><\/td>\n<\/tr>\n<\/tbody>\n<\/table>\n<!-- #tablepress-11 from cache -->\n<\/div>\n<h3>W\u0142adze Sp\u00f3\u0142ki<\/h3>\n<h5>Zgromadzenie wsp\u00f3lnik\u00f3w.<\/h5>\n<h5><strong>Struktura w\u0142asno\u015bciowa Sp\u00f3\u0142ki przedstawia si\u0119 nast\u0119puj\u0105co:<\/strong><\/h5>\n\n<table id=\"tablepress-6\" class=\"tablepress tablepress-id-6\">\n<thead>\n<tr class=\"row-1 odd\">\n\t<th class=\"column-1\">Lp.<\/th><th class=\"column-2\">Firma<\/th><th class=\"column-3\">Adres\/Siedziba<\/th><th class=\"column-4\">Ilo\u015b\u0107 udzia\u0142\u00f3w <br \/>\n[szt.]<\/th><th class=\"column-5\">Wysoko\u015b\u0107 udzia\u0142\u00f3w<br \/>\n[z\u0142]<\/th><th class=\"column-6\">Wysoko\u015b\u0107 udzia\u0142\u00f3w<br \/>\n[%]<\/th>\n<\/tr>\n<\/thead>\n<tbody class=\"row-hover\">\n<tr class=\"row-2 even\">\n\t<td class=\"column-1\">1<\/td><td class=\"column-2\">SFW Energia Sp. z o.o.<\/td><td class=\"column-3\">ul. Kopalniana 2<br \/>\n44-100 Gliwice<\/td><td class=\"column-4\">17158<\/td><td class=\"column-5\">8579000<\/td><td class=\"column-6\">85,84<\/td>\n<\/tr>\n<tr class=\"row-3 odd\">\n\t<td class=\"column-1\">2<\/td><td class=\"column-2\">Gmina Miejska w Mielcu<\/td><td class=\"column-3\">ul. \u017beromskiego 26<br \/>\n39-300 Mielec<\/td><td class=\"column-4\">2708<\/td><td class=\"column-5\">1354000<\/td><td class=\"column-6\">13,55<\/td>\n<\/tr>\n<tr class=\"row-4 even\">\n\t<td class=\"column-1\">3<\/td><td class=\"column-2\">F Inwestycje Sp. z o.o.<\/td><td class=\"column-3\">ul. Mazowiecka 5\/13<br \/>\n30-019 Krak\u00f3w<\/td><td class=\"column-4\">122<\/td><td class=\"column-5\">61000<\/td><td class=\"column-6\">0,61<\/td>\n<\/tr>\n<tr class=\"row-5 odd\">\n\t<td class=\"column-1\"><\/td><td colspan=\"2\" class=\"column-2\">Razem<\/td><td class=\"column-4\">19988<\/td><td class=\"column-5\">9994000<\/td><td class=\"column-6\">100<\/td>\n<\/tr>\n<\/tbody>\n<\/table>\n<!-- #tablepress-6 from cache -->\n<h3>Rada Nadzorcza<\/h3>\n<p>W sk\u0142ad Rady Nadzorczej wchodz\u0105:<\/p>\n\n<table id=\"tablepress-7\" class=\"tablepress tablepress-id-7\">\n<thead>\n<tr class=\"row-1 odd\">\n\t<th class=\"column-1\">Lp.<\/th><th class=\"column-2\">Nazwisko i imi\u0119<\/th><th class=\"column-3\">Funkcja<\/th>\n<\/tr>\n<\/thead>\n<tbody class=\"row-hover\">\n<tr class=\"row-2 even\">\n\t<td class=\"column-1\">1<\/td><td class=\"column-2\">Dr Marek G\u0119bski<\/td><td class=\"column-3\">Przewodnicz\u0105cy Rady Nadzorczej<\/td>\n<\/tr>\n<tr class=\"row-3 odd\">\n\t<td class=\"column-1\">2<\/td><td class=\"column-2\">Krzysztof Szostak<\/td><td class=\"column-3\">Zast\u0119pca Przewodnicz\u0105cego Rady Nadzorczej<\/td>\n<\/tr>\n<tr class=\"row-4 even\">\n\t<td class=\"column-1\">3<\/td><td class=\"column-2\">Bernard Barteczko<\/td><td class=\"column-3\">Sekretarz Rady Nadzorczej<\/td>\n<\/tr>\n<\/tbody>\n<\/table>\n<!-- #tablepress-7 from cache -->\n<\/div>\n<h3>Udzia\u0142y w sp\u00f3\u0142kach zale\u017cnych:<\/h3>\n<p>Elektrociep\u0142ownia Mielec Sp. z o.o. posiada udzia\u0142y w nast\u0119puj\u0105cych podmiotach (stan na 31.12.2021 r.):<\/p>\n\n<table id=\"tablepress-5\" class=\"tablepress tablepress-id-5\">\n<thead>\n<tr class=\"row-1 odd\">\n\t<th class=\"column-1\">Lp.<\/th><th class=\"column-2\">Nazwa podmiotu<\/th><th class=\"column-3\">Udzia\u0142 w kapitale<br \/>\npodmiotu [%]<\/th><th class=\"column-4\">Warto\u015b\u0107 nominalna<br \/>\nudzia\u0142\u00f3w [z\u0142]<\/th>\n<\/tr>\n<\/thead>\n<tbody class=\"row-hover\">\n<tr class=\"row-2 even\">\n\t<td class=\"column-1\">1<\/td><td class=\"column-2\">EUROKOL Sp. z o.o. w Mielcu<\/td><td class=\"column-3\">10,17<\/td><td class=\"column-4\">18000<\/td>\n<\/tr>\n<tr class=\"row-3 odd\">\n\t<td class=\"column-1\">2<\/td><td class=\"column-2\">Zak\u0142ad Utrzymania Ruchu \"PZL- Mielec\" Sp. z o.o. w upad\u0142o\u015bci likwidacyjnej<\/td><td class=\"column-3\">0,01<\/td><td class=\"column-4\">2000<\/td>\n<\/tr>\n<\/tbody>\n<\/table>\n<!-- #tablepress-5 from cache -->\n","protected":false},"excerpt":{"rendered":"<p> [&hellip;]<\/p>\n","protected":false},"author":2,"featured_media":0,"parent":0,"menu_order":0,"comment_status":"closed","ping_status":"closed","template":"","meta":[],"_links":{"self":[{"href":"http:\/\/ec.mielec.pl\/wordpress\/index.php?rest_route=\/wp\/v2\/pages\/122"}],"collection":[{"href":"http:\/\/ec.mielec.pl\/wordpress\/index.php?rest_route=\/wp\/v2\/pages"}],"about":[{"href":"http:\/\/ec.mielec.pl\/wordpress\/index.php?rest_route=\/wp\/v2\/types\/page"}],"author":[{"embeddable":true,"href":"http:\/\/ec.mielec.pl\/wordpress\/index.php?rest_route=\/wp\/v2\/users\/2"}],"replies":[{"embeddable":true,"href":"http:\/\/ec.mielec.pl\/wordpress\/index.php?rest_route=%2Fwp%2Fv2%2Fcomments&post=122"}],"version-history":[{"count":100,"href":"http:\/\/ec.mielec.pl\/wordpress\/index.php?rest_route=\/wp\/v2\/pages\/122\/revisions"}],"predecessor-version":[{"id":2417,"href":"http:\/\/ec.mielec.pl\/wordpress\/index.php?rest_route=\/wp\/v2\/pages\/122\/revisions\/2417"}],"wp:attachment":[{"href":"http:\/\/ec.mielec.pl\/wordpress\/index.php?rest_route=%2Fwp%2Fv2%2Fmedia&parent=122"}],"curies":[{"name":"wp","href":"https:\/\/api.w.org\/{rel}","templated":true}]}}