{"id":1418,"date":"2016-04-06T12:44:42","date_gmt":"2016-04-06T11:44:42","guid":{"rendered":"http:\/\/80.244.133.162\/wordpress\/?page_id=1418"},"modified":"2017-03-31T11:46:50","modified_gmt":"2017-03-31T10:46:50","slug":"dla-firm-obcych","status":"publish","type":"page","link":"http:\/\/ec.mielec.pl\/wordpress\/?page_id=1418","title":{"rendered":"Zasady funkcjonowania firm obcych na terenie EC Mielec"},"content":{"rendered":"<h3>Instrukcja &#8211; Zasady dzia\u0142alno\u015bci firm obcych w Elektrociep\u0142owni Mielec Sp. z o.o.<\/h3>\n<p>Poni\u017csze zasady dotycz\u0105 bezpiecze\u0144stwa i higieny pracy, bezpiecze\u0144stwa przeciwpo\u017carowego oraz ochrony \u015brodowiska i obowi\u0105zuj\u0105 wykonawc\u00f3w realizuj\u0105cych roboty zam\u00f3wione przez Elektrociep\u0142owni\u0119 Mielec Sp. z o.o. (EC Mielec), najemc\u00f3w pomieszcze\u0144, teren\u00f3w, maszyn i urz\u0105dze\u0144 oraz pracownik\u00f3w Elektrociep\u0142owni Mielec w zakresie ustalonym w instrukcji.<\/p>\n<a target=\"_self\" href=\"http:\/\/80.244.133.162\/wordpress\/wp-content\/uploads\/2017\/03\/instr_dzia_firm_obcych_w_ec_mielec.pdf\" class=\"btn btn-default\"><i class=\"icon-download\"><\/i> Instrukcja - Zasady dzia\u0142alno\u015bci firm obcych w EC Mielec - PDF<\/a>\n","protected":false},"excerpt":{"rendered":"<p> [&hellip;]<\/p>\n","protected":false},"author":2,"featured_media":0,"parent":845,"menu_order":0,"comment_status":"closed","ping_status":"closed","template":"","meta":[],"_links":{"self":[{"href":"http:\/\/ec.mielec.pl\/wordpress\/index.php?rest_route=\/wp\/v2\/pages\/1418"}],"collection":[{"href":"http:\/\/ec.mielec.pl\/wordpress\/index.php?rest_route=\/wp\/v2\/pages"}],"about":[{"href":"http:\/\/ec.mielec.pl\/wordpress\/index.php?rest_route=\/wp\/v2\/types\/page"}],"author":[{"embeddable":true,"href":"http:\/\/ec.mielec.pl\/wordpress\/index.php?rest_route=\/wp\/v2\/users\/2"}],"replies":[{"embeddable":true,"href":"http:\/\/ec.mielec.pl\/wordpress\/index.php?rest_route=%2Fwp%2Fv2%2Fcomments&post=1418"}],"version-history":[{"count":5,"href":"http:\/\/ec.mielec.pl\/wordpress\/index.php?rest_route=\/wp\/v2\/pages\/1418\/revisions"}],"predecessor-version":[{"id":1696,"href":"http:\/\/ec.mielec.pl\/wordpress\/index.php?rest_route=\/wp\/v2\/pages\/1418\/revisions\/1696"}],"up":[{"embeddable":true,"href":"http:\/\/ec.mielec.pl\/wordpress\/index.php?rest_route=\/wp\/v2\/pages\/845"}],"wp:attachment":[{"href":"http:\/\/ec.mielec.pl\/wordpress\/index.php?rest_route=%2Fwp%2Fv2%2Fmedia&parent=1418"}],"curies":[{"name":"wp","href":"https:\/\/api.w.org\/{rel}","templated":true}]}}