{"id":1667,"date":"2017-02-14T13:24:32","date_gmt":"2017-02-14T12:24:32","guid":{"rendered":"http:\/\/ec.mielec.pl\/?page_id=1667"},"modified":"2017-02-14T13:34:04","modified_gmt":"2017-02-14T12:34:04","slug":"oferta","status":"publish","type":"page","link":"http:\/\/ec.mielec.pl\/wordpress\/?page_id=1667","title":{"rendered":"Oferta"},"content":{"rendered":"<h2>Oferta<\/h2>\n<ul>\n<li>Ciep\u0142o<\/li>\n<li>Energia Elektryczna<\/li>\n<li>Us\u0142ugi<\/li>\n<li>Us\u0142ugi laboratoryjne<\/li>\n<li>Sprzeda\u017c \u017cu\u017cla paleniskowego<\/li>\n<\/ul>\n","protected":false},"excerpt":{"rendered":"<p> [&hellip;]<\/p>\n","protected":false},"author":2,"featured_media":0,"parent":0,"menu_order":0,"comment_status":"closed","ping_status":"closed","template":"","meta":[],"_links":{"self":[{"href":"http:\/\/ec.mielec.pl\/wordpress\/index.php?rest_route=\/wp\/v2\/pages\/1667"}],"collection":[{"href":"http:\/\/ec.mielec.pl\/wordpress\/index.php?rest_route=\/wp\/v2\/pages"}],"about":[{"href":"http:\/\/ec.mielec.pl\/wordpress\/index.php?rest_route=\/wp\/v2\/types\/page"}],"author":[{"embeddable":true,"href":"http:\/\/ec.mielec.pl\/wordpress\/index.php?rest_route=\/wp\/v2\/users\/2"}],"replies":[{"embeddable":true,"href":"http:\/\/ec.mielec.pl\/wordpress\/index.php?rest_route=%2Fwp%2Fv2%2Fcomments&post=1667"}],"version-history":[{"count":2,"href":"http:\/\/ec.mielec.pl\/wordpress\/index.php?rest_route=\/wp\/v2\/pages\/1667\/revisions"}],"predecessor-version":[{"id":1670,"href":"http:\/\/ec.mielec.pl\/wordpress\/index.php?rest_route=\/wp\/v2\/pages\/1667\/revisions\/1670"}],"wp:attachment":[{"href":"http:\/\/ec.mielec.pl\/wordpress\/index.php?rest_route=%2Fwp%2Fv2%2Fmedia&parent=1667"}],"curies":[{"name":"wp","href":"https:\/\/api.w.org\/{rel}","templated":true}]}}