{"id":2469,"date":"2022-05-27T12:35:53","date_gmt":"2022-05-27T11:35:53","guid":{"rendered":"http:\/\/80.244.133.162\/wordpress\/?page_id=2469"},"modified":"2022-05-27T12:41:18","modified_gmt":"2022-05-27T11:41:18","slug":"zdalny_odczyt","status":"publish","type":"page","link":"http:\/\/ec.mielec.pl\/wordpress\/?page_id=2469","title":{"rendered":"Zdalny odczyt na wniosek klienta"},"content":{"rendered":"<p><strong>Zgodnie z art. 11t. ust. 6 ustawy z dnia 10 kwietnia 1997r. Prawo energetyczne (Dz. U. z 2021 r. poz. 716 wraz z p\u00f3\u017aniejszymi zmianami) Odbiorca ko\u0144cowy przy\u0142\u0105czony do sieci o napi\u0119ciu znamionowym nie wy\u017cszym ni\u017c 1 kV mo\u017ce zwr\u00f3ci\u0107 si\u0119 z wnioskiem do Operatora Elektrociep\u0142owni Mielec Sp. z o.o. o zainstalowanie licznika zdalnego odczytu.<\/strong><\/p>\n<p><strong>Licznik zdalnego odczytu<\/strong> jest urz\u0105dzeniem elektronicznym mierz\u0105cym pob\u00f3r energii elektrycznej, kt\u00f3rego zasada dzia\u0142ania jest podobna do tradycyjnego licznika elektronicznego. W odr\u00f3\u017cnieniu od niego posiada mo\u017cliwo\u015b\u0107 odczytu wskaza\u0144 w spos\u00f3b zdalny, bez konieczno\u015bci wizyty kontroler\u00f3w poboru energii w miejscu instalacji licznika.<\/p>\n<p><strong>Koszt instalacji<\/strong>, konfiguracji i uruchomienia zdalnej transmisji danych pomiarowych z licznika zdalnego odczytu wynosi 310,00 z\u0142 netto tj. 381,30 brutto.<\/p>\n<p>Licznik zdalnego odczytu zostanie zainstalowany w terminie do <strong>4 miesi\u0119cy<\/strong> od dnia wyst\u0105pienia o to Odbiorcy ko\u0144cowego.<\/p>\n<p>Zg\u0142oszenia tego mo\u017cna dokona\u0107 listownie lub bezpo\u015brednio w siedzibie przedsi\u0119biorstwa, jak r\u00f3wnie\u017c przesy\u0142aj\u0105c informacj\u0119 na adres poczty elektroniczne ebok(a)ec.mielec.pl.<\/p>\n","protected":false},"excerpt":{"rendered":"<p> [&hellip;]<\/p>\n","protected":false},"author":3,"featured_media":0,"parent":0,"menu_order":0,"comment_status":"closed","ping_status":"closed","template":"","meta":[],"_links":{"self":[{"href":"http:\/\/ec.mielec.pl\/wordpress\/index.php?rest_route=\/wp\/v2\/pages\/2469"}],"collection":[{"href":"http:\/\/ec.mielec.pl\/wordpress\/index.php?rest_route=\/wp\/v2\/pages"}],"about":[{"href":"http:\/\/ec.mielec.pl\/wordpress\/index.php?rest_route=\/wp\/v2\/types\/page"}],"author":[{"embeddable":true,"href":"http:\/\/ec.mielec.pl\/wordpress\/index.php?rest_route=\/wp\/v2\/users\/3"}],"replies":[{"embeddable":true,"href":"http:\/\/ec.mielec.pl\/wordpress\/index.php?rest_route=%2Fwp%2Fv2%2Fcomments&post=2469"}],"version-history":[{"count":4,"href":"http:\/\/ec.mielec.pl\/wordpress\/index.php?rest_route=\/wp\/v2\/pages\/2469\/revisions"}],"predecessor-version":[{"id":2475,"href":"http:\/\/ec.mielec.pl\/wordpress\/index.php?rest_route=\/wp\/v2\/pages\/2469\/revisions\/2475"}],"wp:attachment":[{"href":"http:\/\/ec.mielec.pl\/wordpress\/index.php?rest_route=%2Fwp%2Fv2%2Fmedia&parent=2469"}],"curies":[{"name":"wp","href":"https:\/\/api.w.org\/{rel}","templated":true}]}}