{"id":279,"date":"2014-01-17T09:58:03","date_gmt":"2014-01-17T08:58:03","guid":{"rendered":"http:\/\/80.244.133.162\/wordpress\/?page_id=279"},"modified":"2019-05-10T13:01:00","modified_gmt":"2019-05-10T12:01:00","slug":"kalendarium-historyczne","status":"publish","type":"page","link":"http:\/\/ec.mielec.pl\/wordpress\/?page_id=279","title":{"rendered":"Kalendarium historyczne"},"content":{"rendered":"<h3>Najwa\u017cniejsze wydarzenia w historii EC Mielec<\/h3>\n<p>&nbsp;<\/p>\n<ul>\n<li>\n<h4>1958<\/h4>\n<p>Rozpocz\u0119cie budowy Elektrociep\u0142owni przy WSK &#8222;PZL-Mielec&#8221;.<\/li>\n<li>\n<h4>1962<\/h4>\n<p>Wst\u0119pny rozruch i rozpocz\u0119cie eksploatacji obiektu elektrociep\u0142owni z\u0142o\u017conej z dw\u00f3ch rusztowych kot\u0142\u00f3w parowych OR-64 i turbin upustowo &#8211; kondensacyjnej AP-6 i przeciwpr\u0119\u017cnej AR-4.<\/li>\n<li>\n<h4>1969<\/h4>\n<p>Rozbudowa elektrociep\u0142owni o trzeci kocio\u0142 parowy OR-64.<\/li>\n<li>\n<h4>1978-1984<\/h4>\n<p>Rozbudowa elektrociep\u0142owni o nowy obiekt energetyczny tj. ciep\u0142owni\u0119 z czterema kot\u0142ami wodnymi WR-25<\/li>\n<li>\n<h4>1992<\/h4>\n<p>Wydzielenie Elektrociep\u0142owni z WSK &#8222;PZL-Mielec&#8221; jako samodzielnego zak\u0142adu na pe\u0142nym wewn\u0119trznym rozrachunku.<\/li>\n<li>\n<h4>1993<\/h4>\n<p>Utworzenie na bazie istniej\u0105cego zak\u0142adu Sp\u00f3\u0142ki pod nazw\u0105 Elektrociep\u0142ownia &#8222;PZL-Mielec&#8221; Sp. z o.o.<\/li>\n<li>\n<h4>1993-2001<\/h4>\n<p>Zmiany w\u0142asno\u015bciowe w Sp\u00f3\u0142ce oraz zmiana nazwy na Elektrociep\u0142ownia Mielec Sp. z o.o.<\/li>\n<li>\n<h4>2001<\/h4>\n<p>Nabycie 85,37 % udzia\u0142\u00f3w Sp\u00f3\u0142ki przez firm\u0119 EETEK Ltd reprezentuj\u0105c\u0105 fundusz inwestycyjny DEXIA-FondElec Energy Efficiency and Emissions Reduction Found L.P.<\/li>\n<li>\n<h4>2002-2004<\/h4>\n<p>Zabudowano i oddano do eksploatacji trzeci turbozesp\u00f3\u0142 parowy o mocy 20,44 MW wraz z ch\u0142odni\u0105 wentylatorow\u0105 oraz uk\u0142adami wyprowadzania mocy cieplnej i elektrycznej. Zmodernizowano pozosta\u0142e urz\u0105dzenia wytw\u00f3rcze poprzez zastosowanie uk\u0142ad\u00f3w automatyki i monitoringu proces\u00f3w produkcji.<\/li>\n<li>\n<h4>2010-2011<\/h4>\n<p>Zabudowano i oddano do eksploatacji uk\u0142ad kogeneracyjny w postaci silnik\u00f3w spalinowych t\u0142okowych wraz z akumulatorem ciep\u0142a. Silniki s\u0105 zasilane gazem ziemnym wysokometanowym GZ-50 z sieci \u015bredniopr\u0119\u017cnej. \u0141\u0105czna zainstalowana moc elektryczna dw\u00f3ch uk\u0142ad\u00f3w jest r\u00f3wna 8,428 MWe. Moc cieplna mo\u017cliwa do odzyskania z cz\u0142onu ciep\u0142owniczego jest r\u00f3wna 7,176 MWt.<\/li>\n<li>\n<h4>2012-2013<\/h4>\n<p>Kompleksowa wymiana urz\u0105dze\u0144 odpylaj\u0105cych dla wszystkich kot\u0142\u00f3w. Nowa instalacja odpylania znacz\u0105co wp\u0142yn\u0119\u0142a na zmniejszenie ilo\u015bci emitowanych do otoczenia py\u0142\u00f3w. Zastosowany uk\u0142ad z filtrami workowymi pozwoli\u0142 na 4 krotne zredukowanie emisji.<\/li>\n<li>\n<h4>2016<\/h4>\n<p>Nabycie 85,37 % udzia\u0142\u00f3w Sp\u00f3\u0142ki przez firm\u0119\u00a0SFW Energia Sp. z o.o. b\u0119d\u0105c\u0105\u00a0sp\u00f3\u0142k\u0105 zale\u017cn\u0105 sp\u00f3\u0142ki STEAG New Energies GmbH (100 % udzia\u0142\u00f3w).<\/li>\n<li>\n<h4>2017<\/h4>\n<p>Automatyzacja\u00a0systemu naw\u0119glania kot\u0142\u00f3w parowych.<\/li>\n<li>\n<h4>2018<\/h4>\n<p>Unowocze\u015bnienie technologii przygotowania wody poprzez budow\u0119 nowej stacji uzdatniania wody opartej na odwr\u00f3conej osmozie i elektrodejonizacji.<\/li>\n<\/ul>\n","protected":false},"excerpt":{"rendered":"<p> [&hellip;]<\/p>\n","protected":false},"author":2,"featured_media":0,"parent":122,"menu_order":0,"comment_status":"closed","ping_status":"closed","template":"","meta":[],"_links":{"self":[{"href":"http:\/\/ec.mielec.pl\/wordpress\/index.php?rest_route=\/wp\/v2\/pages\/279"}],"collection":[{"href":"http:\/\/ec.mielec.pl\/wordpress\/index.php?rest_route=\/wp\/v2\/pages"}],"about":[{"href":"http:\/\/ec.mielec.pl\/wordpress\/index.php?rest_route=\/wp\/v2\/types\/page"}],"author":[{"embeddable":true,"href":"http:\/\/ec.mielec.pl\/wordpress\/index.php?rest_route=\/wp\/v2\/users\/2"}],"replies":[{"embeddable":true,"href":"http:\/\/ec.mielec.pl\/wordpress\/index.php?rest_route=%2Fwp%2Fv2%2Fcomments&post=279"}],"version-history":[{"count":36,"href":"http:\/\/ec.mielec.pl\/wordpress\/index.php?rest_route=\/wp\/v2\/pages\/279\/revisions"}],"predecessor-version":[{"id":1903,"href":"http:\/\/ec.mielec.pl\/wordpress\/index.php?rest_route=\/wp\/v2\/pages\/279\/revisions\/1903"}],"up":[{"embeddable":true,"href":"http:\/\/ec.mielec.pl\/wordpress\/index.php?rest_route=\/wp\/v2\/pages\/122"}],"wp:attachment":[{"href":"http:\/\/ec.mielec.pl\/wordpress\/index.php?rest_route=%2Fwp%2Fv2%2Fmedia&parent=279"}],"curies":[{"name":"wp","href":"https:\/\/api.w.org\/{rel}","templated":true}]}}