{"id":569,"date":"2013-09-17T10:57:41","date_gmt":"2013-09-17T10:57:41","guid":{"rendered":"http:\/\/localhost\/wordpress\/flat-theme\/?page_id=2"},"modified":"2024-03-20T12:26:30","modified_gmt":"2024-03-20T11:26:30","slug":"strona-glowna","status":"publish","type":"page","link":"http:\/\/ec.mielec.pl\/wordpress\/","title":{"rendered":"Strona g\u0142\u00f3wna"},"content":{"rendered":"<section id=services class=\"belize-hole\"><div class=\"container\">    <div class=\"row\">\n              <div class=\"col-sm-4\">\n          <div class=\"media services\">\n                        <div class=\"pull-left\">\n              <i style=\"background-color:#;\" class=\"icon-lightbulb icon-md\"><\/i>\n            <\/div>\n                        <div class=\"media-body\">\n              <h3 class=\"media-heading\">Energia elektryczna<\/h3>\n              Dostawy energii elektrycznej wytwarzanej w skojarzeniu do przedsi\u0119biorstwa dystrybucyjnego oraz odbiorc\u00f3w ko\u0144cowych przy\u0142\u0105czonych do w\u0142asnej sieci dystrybucyjnej. Dostawa energii elektrycznej dla odbiorc\u00f3w zewn\u0119trznych na zasadzie swobodnego wyboru dostawcy energii (TPA).            <\/div>\n          <\/div>\n        <\/div>\n                <div class=\"col-sm-4\">\n          <div class=\"media services\">\n                        <div class=\"pull-left\">\n              <i style=\"background-color:#;\" class=\"icon-fire icon-md\"><\/i>\n            <\/div>\n                        <div class=\"media-body\">\n              <h3 class=\"media-heading\">Ciep\u0142o<\/h3>\n              Ca\u0142oroczne dostawy ciep\u0142a wytwarzanego w skojarzeniu do odbiorc\u00f3w przy\u0142\u0105czonych do sieci MPEC Mielec,\u00a0dzia\u0142aj\u0105cych w obszarze SSE \"Euro-Park\" Mielec,\u00a0\"Mieleckiego Parku Przemys\u0142owego\", a tak\u017ce do gospodarstw ogrodniczych.            <\/div>\n          <\/div>\n        <\/div>\n                <div class=\"col-sm-4\">\n          <div class=\"media services\">\n                        <div class=\"pull-left\">\n              <i style=\"background-color:#;\" class=\"icon-thumbs-up icon-md\"><\/i>\n            <\/div>\n                        <div class=\"media-body\">\n              <h3 class=\"media-heading\">Us\u0142ugi<\/h3>\n              Oferujemy nadz\u00f3r nad w\u0119z\u0142ami cieplnymi i instalacjami wewn\u0119trznymi c.o. odbiorc\u00f3w ciep\u0142a w SSE \"Euro-Park\" Mielec. Remonty i konserwacje w\u0119z\u0142\u00f3w cieplnych i instalacji c.o., us\u0142ugi laboratoryjne, wykonawstwo sieci ciep\u0142owniczych, doradztwo techniczne, sprzeda\u017c \u017cu\u017cla paleniskowego i kondensatu.            <\/div>\n          <\/div>\n        <\/div>\n              <\/div>\n      <\/div><\/section>\n<section id=entry-content class=\"\"><div class=\"container\"><div class=\"row\"><div class=\"col-md-8\"> <div class=\"block\" style=\"background:#fff;color:#666;border-radius:10px;padding:15px\"><\/p>\n<h3>Przydatne informacje i dokumenty dla odbiorc\u00f3w<\/h3>\n<ul>\n<li><a href=\"http:\/\/ec.mielec.pl\/wordpress\/?page_id=957\">Taryfa dla dystrybucji energii elektrycznej<\/a><\/li>\n<li><a href=\"http:\/\/ec.mielec.pl\/?page_id=1624#ceny_energii\">Ceny energii elektrycznej<\/a><\/li>\n<li><a href=\"http:\/\/ec.mielec.pl\/?page_id=1624#info_podmioty_moc\">Informacje o podmiotach ubiegaj\u0105cych si\u0119 o przy\u0142\u0105czenie i dost\u0119pnej mocy przy\u0142\u0105czeniowej<\/a><\/li>\n<li><a href=\"http:\/\/ec.mielec.pl\/?page_id=1624#lista_sprzedawcow_gud\">Aktualna lista sprzedawc\u00f3w z kt\u00f3rymi operator ma zawarte generalne umowy dystrybucji<\/a><\/li>\n<li><a href=\"http:\/\/ec.mielec.pl\/?page_id=1624#sprzedawca_z_urzedu\">Informacja o sprzedawcy z urz\u0119du<\/a><\/li>\n<li><a href=\"http:\/\/ec.mielec.pl\/?page_id=1708\">Instrukcja Ruchu i Eksploatacji Sieci Dystrybucyjnej &#8211; IRiESD<\/a><\/li>\n<li><a href=\"http:\/\/ec.mielec.pl\/?page_id=1624#wzory_wnioskow_o_przylaczenie\">Wzory wniosk\u00f3w o wydanie warunk\u00f3w przy\u0142\u0105czenia<\/a><\/li>\n<li><a href=\"http:\/\/ec.mielec.pl\/?page_id=1624#umowa_dystrybucyjna\">Wz\u00f3r umowy dystrybucyjnej<\/a><\/li>\n<li><a href=\"http:\/\/ec.mielec.pl\/?page_id=1624#plan_remontow\">Projekt planu remont\u00f3w<\/a><\/li>\n<li><a href=\"http:\/\/ec.mielec.pl\/?page_id=1624#plan_wprow_ograniczen\">Informacje o planie wprowadzania ogranicze\u0144<\/a><\/li>\n<li><a href=\"http:\/\/ec.mielec.pl\/?page_id=1624#sprzedawcy_rezerwowi\">Informacje o sprzedawcach rezerwowych<\/a><\/li>\n<li><a href=\"http:\/\/ec.mielec.pl\/?page_id=1624#procedura_nowa_umowa_sprzedazy\">Informacja o procedurze zg\u0142aszania nowych um\u00f3w sprzeda\u017cy<\/a><\/li>\n<li><a href=\"http:\/\/ec.mielec.pl\/?page_id=1624#formularz_nowa_umowa_sprzedazy\">Formularz zg\u0142oszenia nowej umowy sprzeda\u017cy<\/a><\/li>\n<li><a href=\"http:\/\/ec.mielec.pl\/?page_id=1624#struktura_paliw_srodowisko\">Informacja o strukturze paliw i wp\u0142ywie na \u015brodowisko<\/a><\/li>\n<li><a href=\"http:\/\/ec.mielec.pl\/?page_id=1624#wskazniki_przerw\">Wska\u017aniki przerw w dostawie energii<\/a><\/li>\n<li><a href=\"http:\/\/ec.mielec.pl\/?page_id=1624#przerwy_planowane\">Informacje o przerwach planowanych<\/a><\/li>\n<li><a href=\"http:\/\/ec.mielec.pl\/?page_id=1624#sprzedawca_zobowiazany\">Informacje o wyznaczeniu sprzedawcy zobowi\u0105zanego<\/a><\/li>\n<\/ul>\n<p><\/div><\/div><div class=\"col-md-4\"> <div class=\"block\" style=\"background:#E74C3C;color:#fff;border-radius:10px;padding:15px\"><\/p>\n<h3>Sprzeda\u017c \u017cu\u017cla paleniskowego<\/h3>\n<p>EC Mielec posiada w ci\u0105g\u0142ej sprzeda\u017cy \u017cu\u017cel paleniskowy w cenie 5,00 z\u0142 + 23% VAT za ton\u0119.<\/p>\n<p>\u017bu\u017cel jest regularnie badany przez AGH w Krakowie na zawarto\u015b\u0107 naturalnych pierwiastk\u00f3w promieniotw\u00f3rczych .<\/p>\n<p>Powy\u017csze analizy dopuszczaj\u0105 \u017cu\u017cel do produkcji materia\u0142\u00f3w budowlanych stosowanych w budynkach na pobyt ludzi, poza tym \u017cu\u017cel mo\u017ce by\u0107 u\u017cyty do:<\/p>\n<ul>\n<li>rekultywacji teren\u00f3w,<\/li>\n<li>budowy dr\u00f3g,<\/li>\n<li>innych cel\u00f3w gospodarczych.<\/li>\n<\/ul>\n<p><\/div><\/div><\/div><\/div><\/section>\n<section id=testimonial class=\"belize-hole\"><div class=\"container\"><\/p>\n<h2 style=\"text-align: center;\">Ochrona \u015brodowiska<\/h2>\n<p>Elektrociep\u0142ownia Mielec Sp. z o.o. od momentu za\u0142o\u017cenia przywi\u0105zuje du\u017c\u0105 wag\u0119 do ochrony \u015brodowiska naturalnego. Dowodem tego jest szereg inwestycji proekologicznych poczyniony na przestrzeni ostatnich kilkunastu lat, kt\u00f3re przyczyni\u0142y si\u0119 do znacznej redukcji emisji zanieczyszcze\u0144 py\u0142owo-gazowych i wzrostu efektywno\u015bci wytwarzania energii.<\/p>\n<p style=\"text-align: right;\"><a target=\"_self\" href=\"http:\/\/80.244.133.162\/wordpress\/?page_id=845\" class=\"btn btn-default\">Czytaj wi\u0119cej<\/a><\/p>\n<p><\/div><\/section>\n","protected":false},"excerpt":{"rendered":"","protected":false},"author":2,"featured_media":0,"parent":0,"menu_order":0,"comment_status":"open","ping_status":"closed","template":"page-frontpage.php","meta":[],"_links":{"self":[{"href":"http:\/\/ec.mielec.pl\/wordpress\/index.php?rest_route=\/wp\/v2\/pages\/569"}],"collection":[{"href":"http:\/\/ec.mielec.pl\/wordpress\/index.php?rest_route=\/wp\/v2\/pages"}],"about":[{"href":"http:\/\/ec.mielec.pl\/wordpress\/index.php?rest_route=\/wp\/v2\/types\/page"}],"author":[{"embeddable":true,"href":"http:\/\/ec.mielec.pl\/wordpress\/index.php?rest_route=\/wp\/v2\/users\/2"}],"replies":[{"embeddable":true,"href":"http:\/\/ec.mielec.pl\/wordpress\/index.php?rest_route=%2Fwp%2Fv2%2Fcomments&post=569"}],"version-history":[{"count":89,"href":"http:\/\/ec.mielec.pl\/wordpress\/index.php?rest_route=\/wp\/v2\/pages\/569\/revisions"}],"predecessor-version":[{"id":3015,"href":"http:\/\/ec.mielec.pl\/wordpress\/index.php?rest_route=\/wp\/v2\/pages\/569\/revisions\/3015"}],"wp:attachment":[{"href":"http:\/\/ec.mielec.pl\/wordpress\/index.php?rest_route=%2Fwp%2Fv2%2Fmedia&parent=569"}],"curies":[{"name":"wp","href":"https:\/\/api.w.org\/{rel}","templated":true}]}}