{"id":845,"date":"2015-10-06T10:42:35","date_gmt":"2015-10-06T09:42:35","guid":{"rendered":"http:\/\/80.244.133.162\/wordpress\/?page_id=845"},"modified":"2019-05-31T07:11:21","modified_gmt":"2019-05-31T06:11:21","slug":"ochrona-srodowiska-2","status":"publish","type":"page","link":"http:\/\/ec.mielec.pl\/wordpress\/?page_id=845","title":{"rendered":"Ochrona \u015brodowiska i BHP"},"content":{"rendered":"<h3>Informacje\u00a0og\u00f3lne<\/h3>\n<p>Elektrociep\u0142ownia Mielec Sp. z o.o. od momentu za\u0142o\u017cenia przywi\u0105zuje du\u017c\u0105 wag\u0119 do ochrony \u015brodowiska naturalnego. Dowodem tego jest szereg inwestycji proekologicznych poczyniony na przestrzeni ostatnich kilkunastu lat, kt\u00f3re przyczyni\u0142y si\u0119 do znacznej redukcji emisji zanieczyszcze\u0144 py\u0142owo-gazowych i wzrostu efektywno\u015bci wytwarzania energii.<\/p>\n<p>Elektrociep\u0142ownia Mielec spe\u0142nia wszystkie wymagania formalne z zakresu prawa ochrony \u015brodowiska maj\u0105cego zastosowanie do dzia\u0142alno\u015bci Sp\u00f3\u0142ki. Uzyskali\u015bmy wszelkie wymagane pozwolenia \u015brodowiskowe:<\/p>\n<ul>\n<li><em>Pozwolenie zintegrowane na prowadzenie instalacji spalania paliw o nominalnej mocy cieplnej &gt;50MWt<\/em> \u2013 wydane przez Starost\u0119 Mieleckiego decyzj\u0105 z dnia 15 kwietnia 2019 roku na czas nieoznaczony,<\/li>\n<li><em>Pozwolenie wodno-prawne na wprowadzanie \u015bciek\u00f3w do urz\u0105dze\u0144 kanalizacyjnych firmy Euro-Eko Media Sp. z o.o.<\/em> \u2013 wydane przez Pa\u0144stwowe Gospodarstwo Wodne Wody Polskie decyzj\u0105 z dnia 7 sierpnia 2018 roku na okres czterech lat,<\/li>\n<li><em>Pozwolenie na uczestnictwo w systemie handlu uprawnieniami do emisji gaz\u00f3w cieplarnianych<\/em> \u2013 wydane przez Starost\u0119 Mieleckiego decyzj\u0105 z dnia 19\u00a0wrze\u015bnia 2016 roku na czas nieoznaczony.<\/li>\n<\/ul>\n<p>&nbsp;<\/p>\n<h3><\/h3>\n","protected":false},"excerpt":{"rendered":"<p> [&hellip;]<\/p>\n","protected":false},"author":2,"featured_media":0,"parent":0,"menu_order":0,"comment_status":"closed","ping_status":"closed","template":"","meta":[],"_links":{"self":[{"href":"http:\/\/ec.mielec.pl\/wordpress\/index.php?rest_route=\/wp\/v2\/pages\/845"}],"collection":[{"href":"http:\/\/ec.mielec.pl\/wordpress\/index.php?rest_route=\/wp\/v2\/pages"}],"about":[{"href":"http:\/\/ec.mielec.pl\/wordpress\/index.php?rest_route=\/wp\/v2\/types\/page"}],"author":[{"embeddable":true,"href":"http:\/\/ec.mielec.pl\/wordpress\/index.php?rest_route=\/wp\/v2\/users\/2"}],"replies":[{"embeddable":true,"href":"http:\/\/ec.mielec.pl\/wordpress\/index.php?rest_route=%2Fwp%2Fv2%2Fcomments&post=845"}],"version-history":[{"count":63,"href":"http:\/\/ec.mielec.pl\/wordpress\/index.php?rest_route=\/wp\/v2\/pages\/845\/revisions"}],"predecessor-version":[{"id":1922,"href":"http:\/\/ec.mielec.pl\/wordpress\/index.php?rest_route=\/wp\/v2\/pages\/845\/revisions\/1922"}],"wp:attachment":[{"href":"http:\/\/ec.mielec.pl\/wordpress\/index.php?rest_route=%2Fwp%2Fv2%2Fmedia&parent=845"}],"curies":[{"name":"wp","href":"https:\/\/api.w.org\/{rel}","templated":true}]}}