{"id":899,"date":"2015-10-12T07:14:54","date_gmt":"2015-10-12T07:14:54","guid":{"rendered":"http:\/\/80.244.133.162\/wordpress\/?page_id=899"},"modified":"2018-09-20T06:10:23","modified_gmt":"2018-09-20T05:10:23","slug":"energia-elektryczna","status":"publish","type":"page","link":"http:\/\/ec.mielec.pl\/wordpress\/?page_id=899","title":{"rendered":"Energia elektryczna"},"content":{"rendered":"<h4>Elektrociep\u0142ownia Mielec Sp. z o.o. dzia\u0142a na podstawie Kodeksu sp\u00f3\u0142ek handlowych oraz Umowy Sp\u00f3\u0142ki.<\/h4>\n<h4>W zakresie energii elektrycznej aktualna oferta Elektrociep\u0142owni Mielec Sp. z o.o. obejmuje:<\/h4>\n<ul>\n<li>wytwarzanie energii elektrycznej,<\/li>\n<li>obr\u00f3t energii elektrycznej,<\/li>\n<li><a href=\"http:\/\/80.244.133.162\/wordpress\/?page_id=957\">dystrybucja energii elektrycznej<\/a>,<\/li>\n<\/ul>\n<p>Dostawy energii elektrycznej wytwarzanej w skojarzeniu do firmy dystrybucyjnej\u00a0Energia Euro Park Sp. z o.o. dzia\u0142aj\u0105cej w Specjalnej Strefie Ekonomicznej &#8222;Euro-Park&#8221; Mielec oraz dla odbiorc\u00f3w ko\u0144cowych przy\u0142\u0105czonych do w\u0142asnej sieci dystrybucyjnej.<br \/>\nDostawa energii elektrycznej dla odbiorc\u00f3w zewn\u0119trznych na zasadzie swobodnego wyboru dostawcy energii (TPA)<\/p>\n<p>&nbsp;<\/p>\n<h4>W zwi\u0105zku z prowadzon\u0105 dzia\u0142alno\u015bci\u0105 zgodnie z Decyzj\u0105 prezesa Urz\u0119du Regulacji Energetyki Elektrociep\u0142ownia Mielec Sp. z o.o. posiada koncesje na:<\/h4>\n<ul>\n<li>Koncesja nr WEE\/96\/1334\/N\/1\/2\/2000\/MS na wytwarzanie energii elektrycznej na okres do 31 grudnia 2030 r.<\/li>\n<li>Koncesja nr DEE\/81\/1334\/W\/OKR\/2008\/MG na dystrybucj\u0119 energii elektrycznej na okres do 31 grudnia 2030 r.<\/li>\n<li>Koncesja nr OEE\/526\/1334\/W\/OKR\/2008\/MG na obr\u00f3t energi\u0105 elektryczn\u0105 na okres do 31 grudnia 2030 r.<\/li>\n<\/ul>\n<p>&nbsp;<\/p>\n<h3><\/h3>\n<p>&nbsp;<\/p>\n","protected":false},"excerpt":{"rendered":"<p> [&hellip;]<\/p>\n","protected":false},"author":2,"featured_media":0,"parent":0,"menu_order":0,"comment_status":"closed","ping_status":"closed","template":"","meta":[],"_links":{"self":[{"href":"http:\/\/ec.mielec.pl\/wordpress\/index.php?rest_route=\/wp\/v2\/pages\/899"}],"collection":[{"href":"http:\/\/ec.mielec.pl\/wordpress\/index.php?rest_route=\/wp\/v2\/pages"}],"about":[{"href":"http:\/\/ec.mielec.pl\/wordpress\/index.php?rest_route=\/wp\/v2\/types\/page"}],"author":[{"embeddable":true,"href":"http:\/\/ec.mielec.pl\/wordpress\/index.php?rest_route=\/wp\/v2\/users\/2"}],"replies":[{"embeddable":true,"href":"http:\/\/ec.mielec.pl\/wordpress\/index.php?rest_route=%2Fwp%2Fv2%2Fcomments&post=899"}],"version-history":[{"count":25,"href":"http:\/\/ec.mielec.pl\/wordpress\/index.php?rest_route=\/wp\/v2\/pages\/899\/revisions"}],"predecessor-version":[{"id":1825,"href":"http:\/\/ec.mielec.pl\/wordpress\/index.php?rest_route=\/wp\/v2\/pages\/899\/revisions\/1825"}],"wp:attachment":[{"href":"http:\/\/ec.mielec.pl\/wordpress\/index.php?rest_route=%2Fwp%2Fv2%2Fmedia&parent=899"}],"curies":[{"name":"wp","href":"https:\/\/api.w.org\/{rel}","templated":true}]}}