{"id":903,"date":"2015-10-12T08:40:03","date_gmt":"2015-10-12T08:40:03","guid":{"rendered":"http:\/\/80.244.133.162\/wordpress\/?page_id=903"},"modified":"2015-11-17T13:14:27","modified_gmt":"2015-11-17T13:14:27","slug":"uslugi","status":"publish","type":"page","link":"http:\/\/ec.mielec.pl\/wordpress\/?page_id=903","title":{"rendered":"Us\u0142ugi"},"content":{"rendered":"<h3>Us\u0142ugi<\/h3>\n<p>Elektrociep\u0142ownia Mielec Sp. z o. o. oferuje szeroki zakres us\u0142ug \u015bwiadczonych przez wykwalifikowanych pracownik\u00f3w<\/p>\n<ul class=\"lista_oferta\">\n<li>Us\u0142ugi kompleksowego nadzoru nad eksploatacj\u0105 w\u0119z\u0142\u00f3w cieplnych i instalacji wewn\u0119trznych c.o. odbiorc\u00f3w ciep\u0142a w SSE &#8222;Euro-Park&#8221; Mielec<\/li>\n<li>Us\u0142ugi remontowe i konserwacyjne w\u0119z\u0142\u00f3w cieplnych i instalacji c.o. odbiorc\u00f3w<\/li>\n<li><a href=\"http:\/\/80.244.133.162\/wordpress\/?page_id=1014\">Us\u0142ugi laboratoryjne<\/a>:\n<ul>\n<li>badanie jako\u015bci w\u0119gla (warto\u015b\u0107 opa\u0142owa, wilgotno\u015b\u0107, zawarto\u015b\u0107 siarki i popio\u0142u)<\/li>\n<li>badanie jako\u015bci wody<\/li>\n<li>analiza \u017cu\u017cla paleniskowego<\/li>\n<\/ul>\n<\/li>\n<li>Wykonawstwo sieci ciep\u0142owniczych<\/li>\n<li>Doradztwo techniczne<\/li>\n<\/ul>\n<h3>Oferujemy tak\u017ce<\/h3>\n<ul>\n<li><a href=\"http:\/\/80.244.133.162\/wordpress\/?page_id=1038\">Sprzeda\u017c \u017cu\u017cla paleniskowego<\/a><\/li>\n<li>Sprzeda\u017c kondensatu<\/li>\n<\/ul>\n","protected":false},"excerpt":{"rendered":"<p> [&hellip;]<\/p>\n","protected":false},"author":2,"featured_media":0,"parent":0,"menu_order":0,"comment_status":"closed","ping_status":"closed","template":"","meta":[],"_links":{"self":[{"href":"http:\/\/ec.mielec.pl\/wordpress\/index.php?rest_route=\/wp\/v2\/pages\/903"}],"collection":[{"href":"http:\/\/ec.mielec.pl\/wordpress\/index.php?rest_route=\/wp\/v2\/pages"}],"about":[{"href":"http:\/\/ec.mielec.pl\/wordpress\/index.php?rest_route=\/wp\/v2\/types\/page"}],"author":[{"embeddable":true,"href":"http:\/\/ec.mielec.pl\/wordpress\/index.php?rest_route=\/wp\/v2\/users\/2"}],"replies":[{"embeddable":true,"href":"http:\/\/ec.mielec.pl\/wordpress\/index.php?rest_route=%2Fwp%2Fv2%2Fcomments&post=903"}],"version-history":[{"count":7,"href":"http:\/\/ec.mielec.pl\/wordpress\/index.php?rest_route=\/wp\/v2\/pages\/903\/revisions"}],"predecessor-version":[{"id":1043,"href":"http:\/\/ec.mielec.pl\/wordpress\/index.php?rest_route=\/wp\/v2\/pages\/903\/revisions\/1043"}],"wp:attachment":[{"href":"http:\/\/ec.mielec.pl\/wordpress\/index.php?rest_route=%2Fwp%2Fv2%2Fmedia&parent=903"}],"curies":[{"name":"wp","href":"https:\/\/api.w.org\/{rel}","templated":true}]}}