{"id":1014,"date":"2015-11-17T09:21:38","date_gmt":"2015-11-17T08:21:38","guid":{"rendered":"http:\/\/80.244.133.162\/wordpress\/?page_id=1014"},"modified":"2023-11-28T13:18:06","modified_gmt":"2023-11-28T12:18:06","slug":"uslugi-laboratoryjne","status":"publish","type":"page","link":"https:\/\/ec.mielec.pl\/wordpress\/?page_id=1014","title":{"rendered":"Us\u0142ugi laboratoryjne"},"content":{"rendered":"<h3>Akredytowane laboratorium badawcze<\/h3>\n<div class=\"row\"><\/p>\n<p><div class=\"col-md-5\"><\/p>\n<h4><a href=\"http:\/\/80.244.133.162\/wordpress\/wp-content\/uploads\/2016\/03\/cert_lab_bad_full_2016.jpg\"><img loading=\"lazy\" class=\"alignnone wp-image-1403 size-full\" src=\"http:\/\/80.244.133.162\/wordpress\/wp-content\/uploads\/2016\/03\/cert_lab_bad_full_2016.jpg\" alt=\"\" width=\"428\" height=\"600\" srcset=\"https:\/\/ec.mielec.pl\/wordpress\/wp-content\/uploads\/2016\/03\/cert_lab_bad_full_2016.jpg 428w, https:\/\/ec.mielec.pl\/wordpress\/wp-content\/uploads\/2016\/03\/cert_lab_bad_full_2016-214x300.jpg 214w\" sizes=\"(max-width: 428px) 100vw, 428px\" \/><\/a><\/h4>\n<p><a target=\"_self\" href=\"https:\/\/www.pca.gov.pl\/akredytowane-podmioty\/akredytacje-aktywne\/laboratoria-badawcze\/AB%201320,podmiot.html\" class=\"btn btn-info\">Informacje o podmiocie na stronach Polskiego Centrum Akredytacji<\/a><\/p>\n<p><a target=\"_self\" href=\"http:\/\/80.244.133.162\/wordpress\/wp-content\/uploads\/2019\/06\/ecm_certyfikat_laboratorium_badawczego.pdf\" class=\"btn btn-info\"><i class=\"icon-download\"><\/i> Certyfikat akredytacji - dokument w formacie PDF<\/a><\/p>\n<p><a target=\"_self\" href=\"https:\/\/www.pca.gov.pl\/akredytowane-podmioty\/akredytacje-aktywne\/laboratoria-badawcze\/AB%201320,plik.html\" class=\"btn btn-info\"><i class=\"icon-download\"><\/i> Zakres akredytacji - dokument w formacie PDF<\/a><\/p>\n<p><\/div><\/p>\n<p><div class=\"col-md-5\"><\/p>\n<p>EC Mielec posiada laboratorium badawcze, kt\u00f3re mo\u017ce \u015bwiadczy\u0107 us\u0142ugi dla klienta zewn\u0119trznego w zakresie:<\/p>\n<h4>Us\u0142ugi akredytowane<\/h4>\n<h5>Analiza w\u0119gla kamiennego na zawarto\u015b\u0107:<\/h5>\n<ul>\n<li>wilgoci przemijaj\u0105cej<\/li>\n<li>wilgoci ca\u0142kowitej z oblicze\u0144<\/li>\n<li>wilgoci higroskopijnej<\/li>\n<li>wilgoci analitycznej<\/li>\n<li>popio\u0142u<\/li>\n<li>cz\u0119\u015bci lotnych<\/li>\n<li>w\u0119gla ca\u0142kowitego C<\/li>\n<li>siarki ca\u0142kowitej<\/li>\n<li>ciep\u0142a spalania<\/li>\n<li>warto\u015bci opa\u0142owej z oblicze\u0144<\/li>\n<\/ul>\n<h5>\u00a0Analiza odpad\u00f3w paleniskowych- \u017cu\u017cel i popi\u00f3\u0142 lotny na zawarto\u015b\u0107:<\/h5>\n<ul>\n<li>w\u0119gla ca\u0142kowitego C<\/li>\n<\/ul>\n<h4>Us\u0142ugi nieakredytowane<\/h4>\n<h5>Analiza wody:<\/h5>\n<ul>\n<li>pH<\/li>\n<li>przewodno\u015b\u0107<\/li>\n<li>twardo\u015b\u0107 ca\u0142kowita<\/li>\n<li>krzemionka<\/li>\n<li>ortofosforany<\/li>\n<li>\u017celazo og\u00f3lne<\/li>\n<\/ul>\n<p><\/div><\/div>\n","protected":false},"excerpt":{"rendered":"<p> [&hellip;]<\/p>\n","protected":false},"author":2,"featured_media":0,"parent":903,"menu_order":0,"comment_status":"closed","ping_status":"closed","template":"","meta":[],"_links":{"self":[{"href":"https:\/\/ec.mielec.pl\/wordpress\/index.php?rest_route=\/wp\/v2\/pages\/1014"}],"collection":[{"href":"https:\/\/ec.mielec.pl\/wordpress\/index.php?rest_route=\/wp\/v2\/pages"}],"about":[{"href":"https:\/\/ec.mielec.pl\/wordpress\/index.php?rest_route=\/wp\/v2\/types\/page"}],"author":[{"embeddable":true,"href":"https:\/\/ec.mielec.pl\/wordpress\/index.php?rest_route=\/wp\/v2\/users\/2"}],"replies":[{"embeddable":true,"href":"https:\/\/ec.mielec.pl\/wordpress\/index.php?rest_route=%2Fwp%2Fv2%2Fcomments&post=1014"}],"version-history":[{"count":31,"href":"https:\/\/ec.mielec.pl\/wordpress\/index.php?rest_route=\/wp\/v2\/pages\/1014\/revisions"}],"predecessor-version":[{"id":2804,"href":"https:\/\/ec.mielec.pl\/wordpress\/index.php?rest_route=\/wp\/v2\/pages\/1014\/revisions\/2804"}],"up":[{"embeddable":true,"href":"https:\/\/ec.mielec.pl\/wordpress\/index.php?rest_route=\/wp\/v2\/pages\/903"}],"wp:attachment":[{"href":"https:\/\/ec.mielec.pl\/wordpress\/index.php?rest_route=%2Fwp%2Fv2%2Fmedia&parent=1014"}],"curies":[{"name":"wp","href":"https:\/\/api.w.org\/{rel}","templated":true}]}}