{"id":1222,"date":"2015-11-20T11:32:05","date_gmt":"2015-11-20T10:32:05","guid":{"rendered":"http:\/\/80.244.133.162\/wordpress\/?page_id=1222"},"modified":"2026-01-27T13:09:26","modified_gmt":"2026-01-27T12:09:26","slug":"informacje-obligatoryjne","status":"publish","type":"page","link":"https:\/\/ec.mielec.pl\/wordpress\/?page_id=1222","title":{"rendered":"Informacje obligatoryjne"},"content":{"rendered":"<h3>Obligatoryjne informacje dla odbiorc\u00f3w energii<\/h3>\n<p>Zgodnie z wymaganiami zawartymi w Prawie Energetycznym (Dz.U. nr 21, poz.124 z dnia 12.01.2007) oraz Rozporz\u0105dzeniu Ministra Gospodarki (Dz.U. nr 93, poz. 623 z dnia 04.05.2007), przedstawiamy informacje dla odbiorc\u00f3w energii na temat struktury paliw (no\u015bnik\u00f3w energii) zu\u017cytych w Elektrociep\u0142owni Mielec do wytworzenia energii oraz wp\u0142ywu wytworzenia tej energii na \u015brodowisko (w podziale na energi\u0119 elektryczn\u0105 i ciepln\u0105).<\/p>\n<h4>Struktura paliw zu\u017cytych do wytworzenia energii elektrycznej w 2025 roku<\/h4>\n\n<table id=\"tablepress-1\" class=\"tablepress tablepress-id-1\">\n<thead>\n<tr class=\"row-1 odd\">\n\t<th class=\"column-1\">\u0179r\u00f3d\u0142o energii<\/th><th class=\"column-2\">Udzia\u0142 procentowy energetyczny<\/th>\n<\/tr>\n<\/thead>\n<tbody class=\"row-hover\">\n<tr class=\"row-2 even\">\n\t<td class=\"column-1\">W\u0119giel kamienny<\/td><td class=\"column-2\">44,8%<\/td>\n<\/tr>\n<tr class=\"row-3 odd\">\n\t<td class=\"column-1\">Gaz ziemny<\/td><td class=\"column-2\">55,2%<\/td>\n<\/tr>\n<\/tbody>\n<\/table>\n<!-- #tablepress-1 from cache -->\n<h4>Wp\u0142yw wytworzenia energii elektrycznej na \u015brodowisko w 2025 roku<\/h4>\n\n<table id=\"tablepress-2\" class=\"tablepress tablepress-id-2\">\n<thead>\n<tr class=\"row-1 odd\">\n\t<th class=\"column-1\">Rodzaj paliwa<\/th><th class=\"column-2\">CO<sub>2<\/sub><\/th><th class=\"column-3\">SO<sub>2<\/sub><\/th><th class=\"column-4\">NO<sub>x<\/sub><\/th><th class=\"column-5\">Py\u0142y<\/th><th class=\"column-6\">Odpady radioaktywne<\/th>\n<\/tr>\n<\/thead>\n<tbody class=\"row-hover\">\n<tr class=\"row-2 even\">\n\t<td class=\"column-1\"><\/td><td class=\"column-2\">Mg\/MWh<\/td><td class=\"column-3\">kg\/MWh<\/td><td class=\"column-4\">kg\/MWh<\/td><td class=\"column-5\">kg\/MWh<\/td><td class=\"column-6\">kg\/MWh<\/td>\n<\/tr>\n<tr class=\"row-3 odd\">\n\t<td class=\"column-1\">W\u0119giel kamienny<\/td><td class=\"column-2\">0,571<\/td><td class=\"column-3\">2,664<\/td><td class=\"column-4\">1,098<\/td><td class=\"column-5\">0,268<\/td><td class=\"column-6\">0,000<\/td>\n<\/tr>\n<tr class=\"row-4 even\">\n\t<td class=\"column-1\">Gaz ziemny<\/td><td class=\"column-2\">0,240<\/td><td class=\"column-3\">0,011<\/td><td class=\"column-4\">0,267<\/td><td class=\"column-5\">0,001<\/td><td class=\"column-6\">0,000<\/td>\n<\/tr>\n<tr class=\"row-5 odd\">\n\t<td class=\"column-1\">RAZEM<\/td><td class=\"column-2\">0,359<\/td><td class=\"column-3\">0,963<\/td><td class=\"column-4\">0,565<\/td><td class=\"column-5\">0,097<\/td><td class=\"column-6\">0,000<\/td>\n<\/tr>\n<\/tbody>\n<\/table>\n<!-- #tablepress-2 from cache -->\n<hr \/>\n<h4>Struktura paliw zu\u017cytych do wytworzenia ciep\u0142a w 2025 roku<\/h4>\n\n<table id=\"tablepress-3\" class=\"tablepress tablepress-id-3\">\n<thead>\n<tr class=\"row-1 odd\">\n\t<th class=\"column-1\">\u0179r\u00f3d\u0142o energii<\/th><th class=\"column-2\">Udzia\u0142 procentowy energetyczny<\/th>\n<\/tr>\n<\/thead>\n<tbody class=\"row-hover\">\n<tr class=\"row-2 even\">\n\t<td class=\"column-1\">W\u0119giel kamienny<\/td><td class=\"column-2\">80,6%<\/td>\n<\/tr>\n<tr class=\"row-3 odd\">\n\t<td class=\"column-1\">Gaz ziemny<\/td><td class=\"column-2\">19,4%<\/td>\n<\/tr>\n<\/tbody>\n<\/table>\n<!-- #tablepress-3 from cache -->\n<h4>Wp\u0142yw wytworzenia ciep\u0142a na \u015brodowisko w 2025 roku<\/h4>\n\n<table id=\"tablepress-4\" class=\"tablepress tablepress-id-4\">\n<thead>\n<tr class=\"row-1 odd\">\n\t<th class=\"column-1\">Rodzaj paliwa<\/th><th class=\"column-2\">CO<sub>2<\/sub><\/th><th class=\"column-3\">SO<sub>2<\/sub><\/th><th class=\"column-4\">NO<sub>x<\/sub><\/th><th class=\"column-5\">Py\u0142y<\/th><th class=\"column-6\">Odpady radioaktywne<\/th>\n<\/tr>\n<\/thead>\n<tbody class=\"row-hover\">\n<tr class=\"row-2 even\">\n\t<td class=\"column-1\"><\/td><td class=\"column-2\">Mg\/MWh<\/td><td class=\"column-3\">kg\/MWh<\/td><td class=\"column-4\">kg\/MWh<\/td><td class=\"column-5\">kg\/MWh<\/td><td class=\"column-6\">kg\/MWh<\/td>\n<\/tr>\n<tr class=\"row-3 odd\">\n\t<td class=\"column-1\">W\u0119giel kamienny<\/td><td class=\"column-2\">0,393<\/td><td class=\"column-3\">1,811<\/td><td class=\"column-4\">0,735<\/td><td class=\"column-5\">0,177<\/td><td class=\"column-6\">0,000<\/td>\n<\/tr>\n<tr class=\"row-4 even\">\n\t<td class=\"column-1\">Gaz ziemny<\/td><td class=\"column-2\">0,240<\/td><td class=\"column-3\">0,011<\/td><td class=\"column-4\">0,267<\/td><td class=\"column-5\">0,001<\/td><td class=\"column-6\">0,000<\/td>\n<\/tr>\n<tr class=\"row-5 odd\">\n\t<td class=\"column-1\">RAZEM<\/td><td class=\"column-2\">0,363<\/td><td class=\"column-3\">1,463<\/td><td class=\"column-4\">0,645<\/td><td class=\"column-5\">0,143<\/td><td class=\"column-6\">0,000<\/td>\n<\/tr>\n<\/tbody>\n<\/table>\n<!-- #tablepress-4 from cache -->\n","protected":false},"excerpt":{"rendered":"<p> [&hellip;]<\/p>\n","protected":false},"author":2,"featured_media":0,"parent":845,"menu_order":0,"comment_status":"closed","ping_status":"closed","template":"","meta":[],"_links":{"self":[{"href":"https:\/\/ec.mielec.pl\/wordpress\/index.php?rest_route=\/wp\/v2\/pages\/1222"}],"collection":[{"href":"https:\/\/ec.mielec.pl\/wordpress\/index.php?rest_route=\/wp\/v2\/pages"}],"about":[{"href":"https:\/\/ec.mielec.pl\/wordpress\/index.php?rest_route=\/wp\/v2\/types\/page"}],"author":[{"embeddable":true,"href":"https:\/\/ec.mielec.pl\/wordpress\/index.php?rest_route=\/wp\/v2\/users\/2"}],"replies":[{"embeddable":true,"href":"https:\/\/ec.mielec.pl\/wordpress\/index.php?rest_route=%2Fwp%2Fv2%2Fcomments&post=1222"}],"version-history":[{"count":25,"href":"https:\/\/ec.mielec.pl\/wordpress\/index.php?rest_route=\/wp\/v2\/pages\/1222\/revisions"}],"predecessor-version":[{"id":3441,"href":"https:\/\/ec.mielec.pl\/wordpress\/index.php?rest_route=\/wp\/v2\/pages\/1222\/revisions\/3441"}],"up":[{"embeddable":true,"href":"https:\/\/ec.mielec.pl\/wordpress\/index.php?rest_route=\/wp\/v2\/pages\/845"}],"wp:attachment":[{"href":"https:\/\/ec.mielec.pl\/wordpress\/index.php?rest_route=%2Fwp%2Fv2%2Fmedia&parent=1222"}],"curies":[{"name":"wp","href":"https:\/\/api.w.org\/{rel}","templated":true}]}}