{"id":186,"date":"2013-03-07T11:19:31","date_gmt":"2013-03-07T10:19:31","guid":{"rendered":"http:\/\/80.244.133.162\/wordpress\/?page_id=186"},"modified":"2018-04-11T11:28:17","modified_gmt":"2018-04-11T10:28:17","slug":"przedmiot-dzialalnosci","status":"publish","type":"page","link":"https:\/\/ec.mielec.pl\/wordpress\/?page_id=186","title":{"rendered":"Przedmiot dzia\u0142alno\u015bci"},"content":{"rendered":"<div>\n<h4>Elektrociep\u0142ownia Mielec Sp. z o.o. dzia\u0142a na podstawie Kodeksu sp\u00f3\u0142ek handlowych oraz Umowy Sp\u00f3\u0142ki.<\/h4>\n<h5>Podstawowym przedmiotem dzia\u0142alno\u015bci Sp\u00f3\u0142ki jest:<\/h5>\n<ul class=\"arrowlist\">\n<li>wytwarzanie energii elektrycznej,<\/li>\n<li>produkcja ciep\u0142a,<\/li>\n<li>przesy\u0142 i dystrybucja ciep\u0142a,<\/li>\n<li>obr\u00f3t i dystrybucja energii elektrycznej<\/li>\n<li>dzia\u0142alno\u015b\u0107 remontowa,<\/li>\n<li>dzia\u0142alno\u015b\u0107 pozaprodukcyjna na rzecz Sp\u00f3\u0142ki,<\/li>\n<li>dzia\u0142alno\u015b\u0107 us\u0142ugowa.<\/li>\n<\/ul>\n<p><strong><br \/>\nW zwi\u0105zku z prowadzon\u0105 dzia\u0142alno\u015bci\u0105 zgodnie z Decyzj\u0105 prezesa Urz\u0119du Regulacji Energetyki Elektrociep\u0142ownia Mielec Sp. z o.o. posiada koncesje na: <\/strong><\/p>\n<ul class=\"arrowlist\">\n<li>Koncesja nr WCC\/505\/1334\/U\/1\/98\/JK na wytwarzanie ciep\u0142a na okres do 31 grudnia 2030 r.<\/li>\n<li>Koncesja nr WEE\/96\/1334\/N\/1\/2\/2000\/MS na wytwarzanie energii elektrycznej na okres do 31 grudnia 2030 r.<\/li>\n<li>Koncesja nr DEE\/81\/1334\/W\/OKR\/2008\/MG na dystrybucj\u0119 energii elektrycznej na okres do 31 grudnia 2030 r.<\/li>\n<li>Koncesja nr OEE\/526\/1334\/W\/OKR\/2008\/MG na obr\u00f3t energi\u0105 elektryczn\u0105 na okres do 31\u00a0grudnia\u00a02030 r.<\/li>\n<li>Koncesja nr PCC\/797\/1334\/W\/3\/99\/AD na przesy\u0142anie i dystrybucj\u0119 ciep\u0142a na okres do 31 grudnia 2030 r.<\/li>\n<\/ul>\n<p>&nbsp;<\/p>\n<h4>Decyzja o wyznaczeniu Operatora Systemu Dystrybucyjnego<\/h4>\n<p>Elektrociep\u0142ownia Mielec\u00a0Sp. z o.o., decyzj\u0105 Prezesa Urz\u0119du Regulacji Energetyki DPE-4711-30(21)\/2012\/1334\/KF, zosta\u0142a wyznaczona Operatorem Systemu Dystrybucyjnego Elektroenergetycznego (OSDn) na okres od dnia 1 stycznia 2013 roku do dnia 24 listopada 2018 r. na obszarze okre\u015blonym w koncesji na dystrybucj\u0119 energii elektrycznej &#8211; z wy\u0142\u0105czeniem zlokalizowanych na tym obszarze sieci dystrybucyjnych, za kt\u00f3rych ruch jest odpowiedzialny inny operator systemu dystrybucyjnego elektroenergetycznego lub operator systemu po\u0142\u0105czonego elektroenergetycznego wyznaczony w trybie art. 9h ustawy &#8211; Prawo energetyczne.<\/p>\n<a target=\"_self\" href=\"http:\/\/80.244.133.162\/wordpress\/wp-content\/uploads\/2013\/03\/osd_decyzja_ec_mielec.pdf\" class=\"btn btn-link\"><i class=\"icon-download\"><\/i> Decyzja o wyznaczeniu OSDn - dokument PDF<\/a>\n<h4><\/h4>\n<h4>Zmiana decyzji o wyznaczeniu Operatora Systemu Dystrybucyjnego<\/h4>\n<p>Elektrociep\u0142ownia Mielec\u00a0Sp. z o.o., decyzj\u0105 Prezesa Urz\u0119du Regulacji Energetyki DRE.WOSE.4711.33.7.2017.2018.DS\u0142, zosta\u0142a wyznaczona Operatorem Systemu Dystrybucyjnego Elektroenergetycznego (OSDn) na okres od dnia 1 stycznia 2013 roku do dnia 31 grudnia 2030 r.<\/p>\n<a target=\"_self\" href=\"http:\/\/80.244.133.162\/wordpress\/wp-content\/uploads\/2013\/03\/3_OSD_zmiana_decyzji_o_obow_31-12-2030.pdf\" class=\"btn btn-link\"><i class=\"icon-download\"><\/i> Zmiana decyzji o wyznaczeniu OSDn - dokument PDF<\/a>\n<p>&nbsp;<\/p>\n<\/div>\n","protected":false},"excerpt":{"rendered":"<p> [&hellip;]<\/p>\n","protected":false},"author":2,"featured_media":0,"parent":122,"menu_order":0,"comment_status":"closed","ping_status":"closed","template":"","meta":[],"_links":{"self":[{"href":"https:\/\/ec.mielec.pl\/wordpress\/index.php?rest_route=\/wp\/v2\/pages\/186"}],"collection":[{"href":"https:\/\/ec.mielec.pl\/wordpress\/index.php?rest_route=\/wp\/v2\/pages"}],"about":[{"href":"https:\/\/ec.mielec.pl\/wordpress\/index.php?rest_route=\/wp\/v2\/types\/page"}],"author":[{"embeddable":true,"href":"https:\/\/ec.mielec.pl\/wordpress\/index.php?rest_route=\/wp\/v2\/users\/2"}],"replies":[{"embeddable":true,"href":"https:\/\/ec.mielec.pl\/wordpress\/index.php?rest_route=%2Fwp%2Fv2%2Fcomments&post=186"}],"version-history":[{"count":16,"href":"https:\/\/ec.mielec.pl\/wordpress\/index.php?rest_route=\/wp\/v2\/pages\/186\/revisions"}],"predecessor-version":[{"id":1801,"href":"https:\/\/ec.mielec.pl\/wordpress\/index.php?rest_route=\/wp\/v2\/pages\/186\/revisions\/1801"}],"up":[{"embeddable":true,"href":"https:\/\/ec.mielec.pl\/wordpress\/index.php?rest_route=\/wp\/v2\/pages\/122"}],"wp:attachment":[{"href":"https:\/\/ec.mielec.pl\/wordpress\/index.php?rest_route=%2Fwp%2Fv2%2Fmedia&parent=186"}],"curies":[{"name":"wp","href":"https:\/\/api.w.org\/{rel}","templated":true}]}}