{"id":2948,"date":"2024-03-18T10:33:53","date_gmt":"2024-03-18T09:33:53","guid":{"rendered":"http:\/\/ec.mielec.pl\/wordpress\/?page_id=2948"},"modified":"2025-11-21T09:52:32","modified_gmt":"2025-11-21T08:52:32","slug":"dokumenty-do-pobrania","status":"publish","type":"page","link":"https:\/\/ec.mielec.pl\/wordpress\/?page_id=2948","title":{"rendered":"Dokumenty do pobrania"},"content":{"rendered":"<h2>Dokumenty do pobrania<\/h2>\n<p><a name=\"ceny_energii\"><\/a><\/p>\n<hr \/>\n<ul>\n<li>\n<h3>Wz\u00f3r Generalnej Umowy Dystrybucyjnej<\/h3>\n<\/li>\n<li><a target=\"_self\" href=\"http:\/\/ec.mielec.pl\/wordpress\/wp-content\/uploads\/2025\/11\/Wzor_GUD_ECM_od_01-07-2025.pdf\" class=\"btn btn-link\"><i class=\"icon-download\"><\/i> Wz\u00f3r generalnej umowy dystrybucyjnej<\/a><\/li>\n<\/ul>\n<hr \/>\n<ul>\n<li>\n<h3>Wz\u00f3r Umowy Dystrybucyjnej<\/h3>\n<\/li>\n<li><a target=\"_self\" href=\"http:\/\/ec.mielec.pl\/wordpress\/wp-content\/uploads\/2024\/03\/Wzor_umowy_DEE.pdf\" class=\"btn btn-link\"><i class=\"icon-download\"><\/i> Wz\u00f3r Umowy Dystrybucyjnej<\/a><\/li>\n<\/ul>\n<ul>\n<li>\n<h3>Wz\u00f3r Umowy Kompleksowej<\/h3>\n<\/li>\n<li><a target=\"_self\" href=\"http:\/\/ec.mielec.pl\/wordpress\/wp-content\/uploads\/2024\/03\/Wzor_umowy_KE.pdf\" class=\"btn btn-link\"><i class=\"icon-download\"><\/i> Wz\u00f3r Umowy Kompleksowej<\/a><\/li>\n<\/ul>\n<p><a name=\"formularz_nowa_umowa_sprzedazy\"><\/a><\/p>\n<hr \/>\n<ul>\n<li>\n<h3>Wzory wniosk\u00f3w o okre\u015blenie warunk\u00f3w przy\u0142\u0105czenia<\/h3>\n<ul>\n<li><a target=\"_self\" href=\"http:\/\/80.244.133.162\/wordpress\/wp-content\/uploads\/2022\/08\/Wniosek_o_wydanie_warunkow_przylaczenia_WPE_v2.pdf\" class=\"btn btn-link\"><i class=\"icon-download\"><\/i> Wz\u00f3r wniosku o wydanie warunk\u00f3w przy\u0142\u0105czenia do sieci EC Mielec<\/a><\/li>\n<li><a target=\"_self\" href=\"http:\/\/80.244.133.162\/wordpress\/wp-content\/uploads\/2024\/02\/Wniosek_o_wydanie_warunkow_przylaczenia_WPE_v2.docx\" class=\"btn btn-link\"><i class=\"icon-download\"><\/i> Wz\u00f3r wniosku o wydanie warunk\u00f3w przy\u0142\u0105czenia do sieci EC Mielec (wersja edytowalna)<\/a><\/li>\n<\/ul>\n<\/li>\n<\/ul>\n<p><a name=\"struktura_paliw_srodowisko\"><\/a><\/p>\n<hr \/>\n<ul>\n<li>\n<h3>Formularz zg\u0142oszenia nowej umowy sprzeda\u017cy<\/h3>\n<ul>\n<li><a target=\"_self\" href=\"http:\/\/80.244.133.162\/wordpress\/wp-content\/uploads\/2017\/05\/Zalacznik_nr_3_Powiadomienie_zmiany_sprzedawcy.pdf\" class=\"btn btn-link\"><i class=\"icon-download\"><\/i> Formularz zg\u0142oszenia nowej umowy sprzeda\u017cy<\/a><\/li>\n<\/ul>\n<\/li>\n<\/ul>\n<p><a name=\"wskazniki_przerw\"><\/a><\/p>\n<hr \/>\n<hr \/>\n","protected":false},"excerpt":{"rendered":"<p> [&hellip;]<\/p>\n","protected":false},"author":3,"featured_media":0,"parent":0,"menu_order":0,"comment_status":"closed","ping_status":"closed","template":"","meta":[],"_links":{"self":[{"href":"https:\/\/ec.mielec.pl\/wordpress\/index.php?rest_route=\/wp\/v2\/pages\/2948"}],"collection":[{"href":"https:\/\/ec.mielec.pl\/wordpress\/index.php?rest_route=\/wp\/v2\/pages"}],"about":[{"href":"https:\/\/ec.mielec.pl\/wordpress\/index.php?rest_route=\/wp\/v2\/types\/page"}],"author":[{"embeddable":true,"href":"https:\/\/ec.mielec.pl\/wordpress\/index.php?rest_route=\/wp\/v2\/users\/3"}],"replies":[{"embeddable":true,"href":"https:\/\/ec.mielec.pl\/wordpress\/index.php?rest_route=%2Fwp%2Fv2%2Fcomments&post=2948"}],"version-history":[{"count":18,"href":"https:\/\/ec.mielec.pl\/wordpress\/index.php?rest_route=\/wp\/v2\/pages\/2948\/revisions"}],"predecessor-version":[{"id":3390,"href":"https:\/\/ec.mielec.pl\/wordpress\/index.php?rest_route=\/wp\/v2\/pages\/2948\/revisions\/3390"}],"wp:attachment":[{"href":"https:\/\/ec.mielec.pl\/wordpress\/index.php?rest_route=%2Fwp%2Fv2%2Fmedia&parent=2948"}],"curies":[{"name":"wp","href":"https:\/\/api.w.org\/{rel}","templated":true}]}}